{"id":30,"date":"2014-07-24T08:22:12","date_gmt":"2014-07-24T08:22:12","guid":{"rendered":"http:\/\/themesymphony.com\/themes\/rebel\/?page_id=30"},"modified":"2022-05-02T14:32:22","modified_gmt":"2022-05-02T17:32:22","slug":"sobrenos","status":"publish","type":"page","link":"https:\/\/www.pyata.com.br\/site\/sobrenos\/","title":{"rendered":"Sobre N\u00f3s"},"content":{"rendered":"<p>[vc_row section=&#8221;yes&#8221; paddingtop=&#8221;60px&#8221; paddingbottom=&#8221;60px&#8221; bordercolor=&#8221;#f2f2f2&#8243;][vc_column width=&#8221;2\/3&#8243;][vc_column_text]Fundada em mar\u00e7o de 2006, atuando no mercado de distribui\u00e7\u00e3o de descart\u00e1veis pl\u00e1sticos, papel, isopor, alum\u00ednio, produtos de higiene, limpeza, doces, confeitaria, artigos para festa e papelaria. Hoje conta com mais de 7.000 itens de produtos, um amplo galp\u00e3o para armazenagem de estoque e uma moderna e confort\u00e1vel loja no centro da cidade de Monte Mor\/SP, atendendo aos mais diferentes segmentos do mercado no varejo e atacado.\u00a0Na Pyat\u00e3\u00a0voc\u00ea encontra agilidade no atendimento, comodidade e conforto na hora das suas compras.<\/p>\n<p><strong>Nossa Miss\u00e3o<\/strong><br \/>\nOferecer produtos de embalagens descart\u00e1veis, alimentos, higiene e limpeza com foco do cliente, atrav\u00e9s da obten\u00e7\u00e3o de produtos de qualidade, presta\u00e7\u00e3o de servi\u00e7os diferenciados e contribuir para preserva\u00e7\u00e3o do meio ambiente de forma sustent\u00e1vel.<\/p>\n<p><strong>Nossa Vis\u00e3o<\/strong><br \/>\nAtender aos mais variados segmentos do mercado, oferecendo como diferencial um servi\u00e7o de excel\u00eancia, formando parcerias duradouras com clientes, fornecedores e colaboradores.<\/p>\n<p><strong>Nossos Valores<\/strong><br \/>\nHonestidade<br \/>\nComprometimento<br \/>\nSolidariedade<br \/>\nInova\u00e7\u00e3o<br \/>\nValoriza\u00e7\u00e3o Humana<br \/>\nLucratividade<br \/>\nConci\u00eancia Ecol\u00f3gica<br \/>\nSustentabilidade[\/vc_column_text][\/vc_column][vc_column width=&#8221;1\/3&#8243;]<img src=\"https:\/\/www.pyata.com.br\/site\/wp-content\/imagens\/sobrenos_1-600x450.png\" class=\"\" data-anim-type=\"\" \/>[\/vc_column][\/vc_row]<\/p>\n","protected":false},"excerpt":{"rendered":"<p>[vc_row section=&#8221;yes&#8221; paddingtop=&#8221;60px&#8221; paddingbottom=&#8221;60px&#8221; bordercolor=&#8221;#f2f2f2&#8243;][vc_column width=&#8221;2\/3&#8243;][vc_column_text]Fundada em mar\u00e7o de 2006, atuando no mercado de distribui\u00e7\u00e3o de descart\u00e1veis pl\u00e1sticos, papel, isopor, [&hellip;]<\/p>\n","protected":false},"author":1,"featured_media":0,"parent":0,"menu_order":0,"comment_status":"open","ping_status":"open","template":"template-sections.php","meta":{"_joinchat":[]},"_links":{"self":[{"href":"https:\/\/www.pyata.com.br\/site\/wp-json\/wp\/v2\/pages\/30"}],"collection":[{"href":"https:\/\/www.pyata.com.br\/site\/wp-json\/wp\/v2\/pages"}],"about":[{"href":"https:\/\/www.pyata.com.br\/site\/wp-json\/wp\/v2\/types\/page"}],"author":[{"embeddable":true,"href":"https:\/\/www.pyata.com.br\/site\/wp-json\/wp\/v2\/users\/1"}],"replies":[{"embeddable":true,"href":"https:\/\/www.pyata.com.br\/site\/wp-json\/wp\/v2\/comments?post=30"}],"version-history":[{"count":12,"href":"https:\/\/www.pyata.com.br\/site\/wp-json\/wp\/v2\/pages\/30\/revisions"}],"predecessor-version":[{"id":2859,"href":"https:\/\/www.pyata.com.br\/site\/wp-json\/wp\/v2\/pages\/30\/revisions\/2859"}],"wp:attachment":[{"href":"https:\/\/www.pyata.com.br\/site\/wp-json\/wp\/v2\/media?parent=30"}],"curies":[{"name":"wp","href":"https:\/\/api.w.org\/{rel}","templated":true}]}}