{"id":881,"date":"2014-07-25T09:35:36","date_gmt":"2014-07-25T09:35:36","guid":{"rendered":"http:\/\/themesymphony.com\/themes\/rebel\/?page_id=881"},"modified":"2016-03-02T20:31:45","modified_gmt":"2016-03-02T23:31:45","slug":"dicas","status":"publish","type":"page","link":"https:\/\/www.pyata.com.br\/site\/dicas\/","title":{"rendered":"Dicas"},"content":{"rendered":"<p>[vc_row][vc_column]\t\t\n\t\t<div class=\"mt-blog row clearfix grid\">\n\t\t<div class=\"grid-sizer\"><\/div>\n\n\t\t\n\t\t\t<!-- BEGIN .post -->\n\t\t\t<article id=\"post-2975\" class=\"post-2975 post type-post status-publish format-standard has-post-thumbnail hentry category-confeitaria category-receitas tag-caseiro tag-chocolate tag-indiano tag-receita tag-salame\">\n\t\n\t<div class=\"post-inner clearfix\">\n\n\t\t<header class=\"post-header\">\n\t\t<div class=\"meta-top clearfix\">\n\t<span class=\"meta-item meta-category\"><a href=\"https:\/\/www.pyata.com.br\/site\/category\/confeitaria\/\" rel=\"category tag\">Confeitaria<\/a> \/ <a href=\"https:\/\/www.pyata.com.br\/site\/category\/receitas\/\" rel=\"category tag\">Receitas<\/a><\/span>\t\n<\/div><!-- \/ .meta-top -->\t\t\t\t\t<h1><a href=\"https:\/\/www.pyata.com.br\/site\/salame-indiano\/\">Salame Indiano<\/a><\/h1>\n\t\t\t\t<\/header>\n\n\t\t\t\t\t<div class=\"post-item clearfix\">\n\t\t\t\t<div class=\"image-overlay post-overlay\">\n\t\t\t\t\t<img width=\"600\" height=\"400\" src=\"https:\/\/www.pyata.com.br\/site\/wp-content\/imagens\/10127G_salame-indiano2-600x400.jpg\" class=\"attachment-blog-grid size-blog-grid wp-post-image\" alt=\"\" decoding=\"async\" loading=\"lazy\" srcset=\"https:\/\/www.pyata.com.br\/site\/wp-content\/imagens\/10127G_salame-indiano2-600x400.jpg 600w, https:\/\/www.pyata.com.br\/site\/wp-content\/imagens\/10127G_salame-indiano2-560x373.jpg 560w, https:\/\/www.pyata.com.br\/site\/wp-content\/imagens\/10127G_salame-indiano2.jpg 750w\" sizes=\"(max-width: 600px) 100vw, 600px\" \/>\t\t\t\t\t<div class=\"overlay-wrapper\">\n\t\t\t\t\t\t<div class=\"overlay-content\">\n\t\t\t\t\t\t\t<h5>Salame Indiano<\/h5>\n\t\t\t\t\t\t\t<div class=\"clearfix\"><\/div>\n\t\t\t\t\t\t\t<a class=\"image-lightbox mt-opil\" href=\"https:\/\/www.pyata.com.br\/site\/wp-content\/imagens\/10127G_salame-indiano2.jpg\" title=\"Salame Indiano\"><i class=\"glyphicon glyphicon-search\"><\/i><\/a>\n\t\t\t\t\t\t\t\t\t\t\t\t\t\t<a class=\"mt-opip\" href=\"https:\/\/www.pyata.com.br\/site\/salame-indiano\/\"><i class=\"fa fa-link\"><\/i><\/a>\n\t\t\t\t\t\t\t\t\t\t\t\t\t<\/div>\n\t\t\t\t\t<\/div>\n\t\t\t\t<\/div>\n\t\t\t<\/div><!-- \/ .post-item -->\n\t\t\t\t\n\t\t<div class=\"clearfix\"><\/div>\n\t\n\t\t<div class=\"post-content clearfix\">\t\t\t\n\n\t\t\t<p>Preparamos uma receita de salame de chocolate caseiro, um jeito f\u00e1cil e r\u00e1pido de fazer salame doce.<\/p>\n<p><strong>Ingredientes:<\/strong><br \/>\n1 x\u00edcara (ch\u00e1) de a\u00e7\u00facar<br \/>\n150 g de margarina<br \/>\n1\/2 x\u00edcara (ch\u00e1) de Cacau em P\u00f3<br \/>\n1\/2 x\u00edcara (ch\u00e1) de licor de cacau<br \/>\n1 colher (ch\u00e1) de pimenta rosa mo\u00edda<br \/>\n70 g de am\u00eandoas processadas<br \/>\n200 g de Biscoito Sabor Chocolate em Peda\u00e7os<\/p>\n<p><strong>Modo de Preparo:<\/strong><br \/>\nEm uma batedeira em velocidade alta, bata o a\u00e7\u00facar com a margarina at\u00e9 obter um creme.\u00a0Junte o cacau em p\u00f3, o licor, a pimenta, as am\u00eandoas e os biscoitos em peda\u00e7os. Misture bem!<\/p>\n<p>Coloque a massa sobre um filme pl\u00e1stico e pressione com uma colher.\u00a0Enrole como se fosse um salame, apertando bem. Leve ao congelador por 1 hora.\u00a0Retire do congelador, corte em rodelas e sirva.<\/p>\n<p><strong>Fonte: Mavalerio<\/strong><\/p>\n<div class=\"clearfix\"><\/div>\t\t\t\n\t\t\t\t\t\t\n\t\t<\/div><!-- \/ .post-content -->\n\n\t\t<div class=\"meta-grid clearfix\">\n\n\t<div class=\"meta-inner-grid\">\n\t\t<span class=\"meta-item meta-grid-date\"><i class=\"fa fa-clock-o\"><\/i> 7 de outubro de 2016<\/span>\n\t\t<span class=\"meta-item meta-grid-comments\"><i class=\"fa fa-comment-o\"><\/i> <a href=\"https:\/\/www.pyata.com.br\/site\/salame-indiano\/#respond\" class=\"comments-link\" >0 Coment&aacute;rios<\/a><\/span>\n\t<\/div>\n\n<\/div><!-- \/ .meta -->\n\t<\/div><!-- \/ .post-inner -->\n<\/article><!-- \/ .post -->\t\t\t<!-- END .post -->\n\n\t\t\n\t\t\t<!-- BEGIN .post -->\n\t\t\t<article id=\"post-2971\" class=\"post-2971 post type-post status-publish format-standard has-post-thumbnail hentry category-confeitaria category-receitas tag-bala-de-mel tag-chocolate tag-infancia tag-receita\">\n\t\n\t<div class=\"post-inner clearfix\">\n\n\t\t<header class=\"post-header\">\n\t\t<div class=\"meta-top clearfix\">\n\t<span class=\"meta-item meta-category\"><a href=\"https:\/\/www.pyata.com.br\/site\/category\/confeitaria\/\" rel=\"category tag\">Confeitaria<\/a> \/ <a href=\"https:\/\/www.pyata.com.br\/site\/category\/receitas\/\" rel=\"category tag\">Receitas<\/a><\/span>\t\n<\/div><!-- \/ .meta-top -->\t\t\t\t\t<h1><a href=\"https:\/\/www.pyata.com.br\/site\/balamel_chocolate\/\">Bala de Mel com Chocolate<\/a><\/h1>\n\t\t\t\t<\/header>\n\n\t\t\t\t\t<div class=\"post-item clearfix\">\n\t\t\t\t<div class=\"image-overlay post-overlay\">\n\t\t\t\t\t<img width=\"600\" height=\"400\" src=\"https:\/\/www.pyata.com.br\/site\/wp-content\/imagens\/10150G_bala-de-mel2-600x400.jpg\" class=\"attachment-blog-grid size-blog-grid wp-post-image\" alt=\"\" decoding=\"async\" loading=\"lazy\" srcset=\"https:\/\/www.pyata.com.br\/site\/wp-content\/imagens\/10150G_bala-de-mel2-600x400.jpg 600w, https:\/\/www.pyata.com.br\/site\/wp-content\/imagens\/10150G_bala-de-mel2-560x373.jpg 560w, https:\/\/www.pyata.com.br\/site\/wp-content\/imagens\/10150G_bala-de-mel2.jpg 750w\" sizes=\"(max-width: 600px) 100vw, 600px\" \/>\t\t\t\t\t<div class=\"overlay-wrapper\">\n\t\t\t\t\t\t<div class=\"overlay-content\">\n\t\t\t\t\t\t\t<h5>Bala de Mel com Chocolate<\/h5>\n\t\t\t\t\t\t\t<div class=\"clearfix\"><\/div>\n\t\t\t\t\t\t\t<a class=\"image-lightbox mt-opil\" href=\"https:\/\/www.pyata.com.br\/site\/wp-content\/imagens\/10150G_bala-de-mel2.jpg\" title=\"Bala de Mel com Chocolate\"><i class=\"glyphicon glyphicon-search\"><\/i><\/a>\n\t\t\t\t\t\t\t\t\t\t\t\t\t\t<a class=\"mt-opip\" href=\"https:\/\/www.pyata.com.br\/site\/balamel_chocolate\/\"><i class=\"fa fa-link\"><\/i><\/a>\n\t\t\t\t\t\t\t\t\t\t\t\t\t<\/div>\n\t\t\t\t\t<\/div>\n\t\t\t\t<\/div>\n\t\t\t<\/div><!-- \/ .post-item -->\n\t\t\t\t\n\t\t<div class=\"clearfix\"><\/div>\n\t\n\t\t<div class=\"post-content clearfix\">\t\t\t\n\n\t\t\t<p>Essa \u00e9 uma receita pra lembrar da inf\u00e2ncia. Aprenda a preparar essa maravilhosa receita de Bala de Mel com Chocolate que fica uma verdadeira del\u00edcia depois de pronta.<\/p>\n<p><strong>Ingredientes:<\/strong><br \/>\n1 x\u00edcara (ch\u00e1) de a\u00e7\u00facar<br \/>\n1 x\u00edcara (ch\u00e1) de leite<br \/>\n2 colheres (sopa) de mel<br \/>\n1 colher (sopa) de manteiga<br \/>\n50 g de Cobertura Premium Sabor Chocolate ao Leite Maval\u00e9rio<br \/>\n1 colher (caf\u00e9) de bicarbonato de s\u00f3dio.<\/p>\n<p><strong>Modo de Preparo:<\/strong><br \/>\nEm uma panela, coloque o a\u00e7\u00facar, o leite, o mel, a manteiga, a cobertura ao leite e o bicarbonato de s\u00f3dio e leve ao fogo brando, mexendo sempre, at\u00e9 obter ponto de bala.\u00a0Retire do fogo, despeje em uma superf\u00edcie de m\u00e1rmore untada com manteiga e deixe amornar.\u00a0Enrole cord\u00f5es, corte as balas e embrulhe em papel imperme\u00e1vel.<\/p>\n<p><strong>Fonte: Maval\u00e9rio<\/strong><\/p>\n<div class=\"clearfix\"><\/div>\t\t\t\n\t\t\t\t\t\t\n\t\t<\/div><!-- \/ .post-content -->\n\n\t\t<div class=\"meta-grid clearfix\">\n\n\t<div class=\"meta-inner-grid\">\n\t\t<span class=\"meta-item meta-grid-date\"><i class=\"fa fa-clock-o\"><\/i> 30 de setembro de 2016<\/span>\n\t\t<span class=\"meta-item meta-grid-comments\"><i class=\"fa fa-comment-o\"><\/i> <a href=\"https:\/\/www.pyata.com.br\/site\/balamel_chocolate\/#respond\" class=\"comments-link\" >0 Coment&aacute;rios<\/a><\/span>\n\t<\/div>\n\n<\/div><!-- \/ .meta -->\n\t<\/div><!-- \/ .post-inner -->\n<\/article><!-- \/ .post -->\t\t\t<!-- END .post -->\n\n\t\t\n\t\t\t<!-- BEGIN .post -->\n\t\t\t<article id=\"post-2935\" class=\"post-2935 post type-post status-publish format-standard has-post-thumbnail hentry category-artesanato category-decoracao category-reciclagem tag-colheres-plasticas tag-reciclagem tag-vaso\">\n\t\n\t<div class=\"post-inner clearfix\">\n\n\t\t<header class=\"post-header\">\n\t\t<div class=\"meta-top clearfix\">\n\t<span class=\"meta-item meta-category\"><a href=\"https:\/\/www.pyata.com.br\/site\/category\/artesanato\/\" rel=\"category tag\">Artesanato<\/a> \/ <a href=\"https:\/\/www.pyata.com.br\/site\/category\/decoracao\/\" rel=\"category tag\">Decora\u00e7\u00e3o<\/a> \/ <a href=\"https:\/\/www.pyata.com.br\/site\/category\/reciclagem\/\" rel=\"category tag\">Reciclagem<\/a><\/span>\t\n<\/div><!-- \/ .meta-top -->\t\t\t\t\t<h1><a href=\"https:\/\/www.pyata.com.br\/site\/vasoreciclado_colheres\/\">Vaso de flor reciclado feito com colheres de pl\u00e1stico<\/a><\/h1>\n\t\t\t\t<\/header>\n\n\t\t\t\t\t<div class=\"post-item clearfix\">\n\t\t\t\t<div class=\"image-overlay post-overlay\">\n\t\t\t\t\t<img width=\"538\" height=\"553\" src=\"https:\/\/www.pyata.com.br\/site\/wp-content\/imagens\/vaso_4.jpg\" class=\"attachment-blog-grid size-blog-grid wp-post-image\" alt=\"\" decoding=\"async\" loading=\"lazy\" \/>\t\t\t\t\t<div class=\"overlay-wrapper\">\n\t\t\t\t\t\t<div class=\"overlay-content\">\n\t\t\t\t\t\t\t<h5>Vaso de flor reciclado feito com colheres de pl\u00e1stico<\/h5>\n\t\t\t\t\t\t\t<div class=\"clearfix\"><\/div>\n\t\t\t\t\t\t\t<a class=\"image-lightbox mt-opil\" href=\"https:\/\/www.pyata.com.br\/site\/wp-content\/imagens\/vaso_4.jpg\" title=\"Vaso de flor reciclado feito com colheres de pl\u00e1stico\"><i class=\"glyphicon glyphicon-search\"><\/i><\/a>\n\t\t\t\t\t\t\t\t\t\t\t\t\t\t<a class=\"mt-opip\" href=\"https:\/\/www.pyata.com.br\/site\/vasoreciclado_colheres\/\"><i class=\"fa fa-link\"><\/i><\/a>\n\t\t\t\t\t\t\t\t\t\t\t\t\t<\/div>\n\t\t\t\t\t<\/div>\n\t\t\t\t<\/div>\n\t\t\t<\/div><!-- \/ .post-item -->\n\t\t\t\t\n\t\t<div class=\"clearfix\"><\/div>\n\t\n\t\t<div class=\"post-content clearfix\">\t\t\t\n\n\t\t\t<p>Nesta dica, mostramos como itens simples podem ser utilizados de uma maneira criativa, surpreendente e bonita.<\/p>\n<p> <a href=\"https:\/\/www.pyata.com.br\/site\/vasoreciclado_colheres\/#more-2935\" class=\"more-link\">Continue lendo &rarr;<\/a><\/p>\n<div class=\"clearfix\"><\/div>\t\t\t\n\t\t\t\t\t\t\n\t\t<\/div><!-- \/ .post-content -->\n\n\t\t<div class=\"meta-grid clearfix\">\n\n\t<div class=\"meta-inner-grid\">\n\t\t<span class=\"meta-item meta-grid-date\"><i class=\"fa fa-clock-o\"><\/i> 25 de julho de 2016<\/span>\n\t\t<span class=\"meta-item meta-grid-comments\"><i class=\"fa fa-comment-o\"><\/i> <a href=\"https:\/\/www.pyata.com.br\/site\/vasoreciclado_colheres\/#respond\" class=\"comments-link\" >0 Coment&aacute;rios<\/a><\/span>\n\t<\/div>\n\n<\/div><!-- \/ .meta -->\n\t<\/div><!-- \/ .post-inner -->\n<\/article><!-- \/ .post -->\t\t\t<!-- END .post -->\n\n\t\t\n\t\t\t<!-- BEGIN .post -->\n\t\t\t<article id=\"post-2316\" class=\"post-2316 post type-post status-publish format-standard has-post-thumbnail hentry category-confeitaria category-receitas tag-bolo tag-confeitaria tag-ingredientes tag-modo-de-preparo tag-receitas tag-recheio tag-sonho-de-valsa\">\n\t\n\t<div class=\"post-inner clearfix\">\n\n\t\t<header class=\"post-header\">\n\t\t<div class=\"meta-top clearfix\">\n\t<span class=\"meta-item meta-category\"><a href=\"https:\/\/www.pyata.com.br\/site\/category\/confeitaria\/\" rel=\"category tag\">Confeitaria<\/a> \/ <a href=\"https:\/\/www.pyata.com.br\/site\/category\/receitas\/\" rel=\"category tag\">Receitas<\/a><\/span>\t\n<\/div><!-- \/ .meta-top -->\t\t\t\t\t<h1><a href=\"https:\/\/www.pyata.com.br\/site\/receita_recheio_sonhodevalsa\/\">Recheio do famoso bombom Sonho de Valsa<\/a><\/h1>\n\t\t\t\t<\/header>\n\n\t\t\t\t\t<div class=\"post-item clearfix\">\n\t\t\t\t<div class=\"image-overlay post-overlay\">\n\t\t\t\t\t<img width=\"600\" height=\"288\" src=\"https:\/\/www.pyata.com.br\/site\/wp-content\/imagens\/receita_recheio_sonho_dest-600x288.jpg\" class=\"attachment-blog-grid size-blog-grid wp-post-image\" alt=\"\" decoding=\"async\" loading=\"lazy\" srcset=\"https:\/\/www.pyata.com.br\/site\/wp-content\/imagens\/receita_recheio_sonho_dest-600x288.jpg 600w, https:\/\/www.pyata.com.br\/site\/wp-content\/imagens\/receita_recheio_sonho_dest-560x268.jpg 560w, https:\/\/www.pyata.com.br\/site\/wp-content\/imagens\/receita_recheio_sonho_dest.jpg 730w\" sizes=\"(max-width: 600px) 100vw, 600px\" \/>\t\t\t\t\t<div class=\"overlay-wrapper\">\n\t\t\t\t\t\t<div class=\"overlay-content\">\n\t\t\t\t\t\t\t<h5>Recheio do famoso bombom Sonho de Valsa<\/h5>\n\t\t\t\t\t\t\t<div class=\"clearfix\"><\/div>\n\t\t\t\t\t\t\t<a class=\"image-lightbox mt-opil\" href=\"https:\/\/www.pyata.com.br\/site\/wp-content\/imagens\/receita_recheio_sonho_dest.jpg\" title=\"Recheio do famoso bombom Sonho de Valsa\"><i class=\"glyphicon glyphicon-search\"><\/i><\/a>\n\t\t\t\t\t\t\t\t\t\t\t\t\t\t<a class=\"mt-opip\" href=\"https:\/\/www.pyata.com.br\/site\/receita_recheio_sonhodevalsa\/\"><i class=\"fa fa-link\"><\/i><\/a>\n\t\t\t\t\t\t\t\t\t\t\t\t\t<\/div>\n\t\t\t\t\t<\/div>\n\t\t\t\t<\/div>\n\t\t\t<\/div><!-- \/ .post-item -->\n\t\t\t\t\n\t\t<div class=\"clearfix\"><\/div>\n\t\n\t\t<div class=\"post-content clearfix\">\t\t\t\n\n\t\t\t<p>Separamos uma receita para voc\u00ea que sempre quis aprender a fazer um recheio que fosse ao menos parecido com aquele miolinho do famoso bombom Sonho de Valsa.<\/p>\n<p> <a href=\"https:\/\/www.pyata.com.br\/site\/receita_recheio_sonhodevalsa\/#more-2316\" class=\"more-link\">Continue lendo &rarr;<\/a><\/p>\n<div class=\"clearfix\"><\/div>\t\t\t\n\t\t\t\t\t\t\n\t\t<\/div><!-- \/ .post-content -->\n\n\t\t<div class=\"meta-grid clearfix\">\n\n\t<div class=\"meta-inner-grid\">\n\t\t<span class=\"meta-item meta-grid-date\"><i class=\"fa fa-clock-o\"><\/i> 6 de janeiro de 2016<\/span>\n\t\t<span class=\"meta-item meta-grid-comments\"><i class=\"fa fa-comment-o\"><\/i> <a href=\"https:\/\/www.pyata.com.br\/site\/receita_recheio_sonhodevalsa\/#respond\" class=\"comments-link\" >0 Coment&aacute;rios<\/a><\/span>\n\t<\/div>\n\n<\/div><!-- \/ .meta -->\n\t<\/div><!-- \/ .post-inner -->\n<\/article><!-- \/ .post -->\t\t\t<!-- END .post -->\n\n\t\t\n\t\t\t<!-- BEGIN .post -->\n\t\t\t<article id=\"post-851\" class=\"post-851 post type-post status-publish format-standard has-post-thumbnail hentry category-artesanato category-decoracao tag-artesanato tag-copo-descartavel tag-decoracao tag-festa-infantil\">\n\t\n\t<div class=\"post-inner clearfix\">\n\n\t\t<header class=\"post-header\">\n\t\t<div class=\"meta-top clearfix\">\n\t<span class=\"meta-item meta-category\"><a href=\"https:\/\/www.pyata.com.br\/site\/category\/artesanato\/\" rel=\"category tag\">Artesanato<\/a> \/ <a href=\"https:\/\/www.pyata.com.br\/site\/category\/decoracao\/\" rel=\"category tag\">Decora\u00e7\u00e3o<\/a><\/span>\t\n<\/div><!-- \/ .meta-top -->\t\t\t\t\t<h1><a href=\"https:\/\/www.pyata.com.br\/site\/decorar_festa_infantil\/\">Decorar festa infantil com copos descart\u00e1veis<\/a><\/h1>\n\t\t\t\t<\/header>\n\n\t\t\t\t\t<div class=\"post-item clearfix\">\n\t\t\t\t<div class=\"image-overlay post-overlay\">\n\t\t\t\t\t<img width=\"600\" height=\"288\" src=\"https:\/\/www.pyata.com.br\/site\/wp-content\/imagens\/decor_copos_dest-600x288.jpg\" class=\"attachment-blog-grid size-blog-grid wp-post-image\" alt=\"\" decoding=\"async\" loading=\"lazy\" srcset=\"https:\/\/www.pyata.com.br\/site\/wp-content\/imagens\/decor_copos_dest-600x288.jpg 600w, https:\/\/www.pyata.com.br\/site\/wp-content\/imagens\/decor_copos_dest-560x268.jpg 560w, https:\/\/www.pyata.com.br\/site\/wp-content\/imagens\/decor_copos_dest.jpg 730w\" sizes=\"(max-width: 600px) 100vw, 600px\" \/>\t\t\t\t\t<div class=\"overlay-wrapper\">\n\t\t\t\t\t\t<div class=\"overlay-content\">\n\t\t\t\t\t\t\t<h5>Decorar festa infantil com copos descart\u00e1veis<\/h5>\n\t\t\t\t\t\t\t<div class=\"clearfix\"><\/div>\n\t\t\t\t\t\t\t<a class=\"image-lightbox mt-opil\" href=\"https:\/\/www.pyata.com.br\/site\/wp-content\/imagens\/decor_copos_dest.jpg\" title=\"Decorar festa infantil com copos descart\u00e1veis\"><i class=\"glyphicon glyphicon-search\"><\/i><\/a>\n\t\t\t\t\t\t\t\t\t\t\t\t\t\t<a class=\"mt-opip\" href=\"https:\/\/www.pyata.com.br\/site\/decorar_festa_infantil\/\"><i class=\"fa fa-link\"><\/i><\/a>\n\t\t\t\t\t\t\t\t\t\t\t\t\t<\/div>\n\t\t\t\t\t<\/div>\n\t\t\t\t<\/div>\n\t\t\t<\/div><!-- \/ .post-item -->\n\t\t\t\t\n\t\t<div class=\"clearfix\"><\/div>\n\t\n\t\t<div class=\"post-content clearfix\">\t\t\t\n\n\t\t\t<p>O copo descart\u00e1vel n\u00e3o tem a vida t\u00e3o curta quanto voc\u00ea imagina. Neste post ser\u00e3o demonstradas v\u00e1rias id\u00e9ias para decora\u00e7\u00e3o de festa infantil, dando mais import\u00e2ncia a este produto que faz parte do nosso dia dia, e nem percebemos como podem ser \u00fateis!<\/p>\n<p> <a href=\"https:\/\/www.pyata.com.br\/site\/decorar_festa_infantil\/#more-851\" class=\"more-link\">Continue lendo &rarr;<\/a><\/p>\n<div class=\"clearfix\"><\/div>\t\t\t\n\t\t\t\t\t\t\n\t\t<\/div><!-- \/ .post-content -->\n\n\t\t<div class=\"meta-grid clearfix\">\n\n\t<div class=\"meta-inner-grid\">\n\t\t<span class=\"meta-item meta-grid-date\"><i class=\"fa fa-clock-o\"><\/i> 5 de janeiro de 2016<\/span>\n\t\t<span class=\"meta-item meta-grid-comments\"><i class=\"fa fa-comment-o\"><\/i> <a href=\"https:\/\/www.pyata.com.br\/site\/decorar_festa_infantil\/#respond\" class=\"comments-link\" >0 Coment&aacute;rios<\/a><\/span>\n\t<\/div>\n\n<\/div><!-- \/ .meta -->\n\t<\/div><!-- \/ .post-inner -->\n<\/article><!-- \/ .post -->\t\t\t<!-- END .post -->\n\n\t\t\n\t\t\t<!-- BEGIN .post -->\n\t\t\t<article id=\"post-2301\" class=\"post-2301 post type-post status-publish format-standard has-post-thumbnail hentry category-artesanato category-decoracao tag-artesanato tag-copo-descartavel tag-decoracao tag-enfeite-de-natal tag-guirlanda\">\n\t\n\t<div class=\"post-inner clearfix\">\n\n\t\t<header class=\"post-header\">\n\t\t<div class=\"meta-top clearfix\">\n\t<span class=\"meta-item meta-category\"><a href=\"https:\/\/www.pyata.com.br\/site\/category\/artesanato\/\" rel=\"category tag\">Artesanato<\/a> \/ <a href=\"https:\/\/www.pyata.com.br\/site\/category\/decoracao\/\" rel=\"category tag\">Decora\u00e7\u00e3o<\/a><\/span>\t\n<\/div><!-- \/ .meta-top -->\t\t\t\t\t<h1><a href=\"https:\/\/www.pyata.com.br\/site\/enfeite_natal_copos\/\">Enfeite de Natal com copos descart\u00e1veis<\/a><\/h1>\n\t\t\t\t<\/header>\n\n\t\t\t\t\t<div class=\"post-item clearfix\">\n\t\t\t\t<div class=\"image-overlay post-overlay\">\n\t\t\t\t\t<img width=\"600\" height=\"288\" src=\"https:\/\/www.pyata.com.br\/site\/wp-content\/imagens\/guirlanda_copo_dest-600x288.jpg\" class=\"attachment-blog-grid size-blog-grid wp-post-image\" alt=\"\" decoding=\"async\" loading=\"lazy\" srcset=\"https:\/\/www.pyata.com.br\/site\/wp-content\/imagens\/guirlanda_copo_dest-600x288.jpg 600w, https:\/\/www.pyata.com.br\/site\/wp-content\/imagens\/guirlanda_copo_dest-560x268.jpg 560w, https:\/\/www.pyata.com.br\/site\/wp-content\/imagens\/guirlanda_copo_dest.jpg 730w\" sizes=\"(max-width: 600px) 100vw, 600px\" \/>\t\t\t\t\t<div class=\"overlay-wrapper\">\n\t\t\t\t\t\t<div class=\"overlay-content\">\n\t\t\t\t\t\t\t<h5>Enfeite de Natal com copos descart\u00e1veis<\/h5>\n\t\t\t\t\t\t\t<div class=\"clearfix\"><\/div>\n\t\t\t\t\t\t\t<a class=\"image-lightbox mt-opil\" href=\"https:\/\/www.pyata.com.br\/site\/wp-content\/imagens\/guirlanda_copo_dest.jpg\" title=\"Enfeite de Natal com copos descart\u00e1veis\"><i class=\"glyphicon glyphicon-search\"><\/i><\/a>\n\t\t\t\t\t\t\t\t\t\t\t\t\t\t<a class=\"mt-opip\" href=\"https:\/\/www.pyata.com.br\/site\/enfeite_natal_copos\/\"><i class=\"fa fa-link\"><\/i><\/a>\n\t\t\t\t\t\t\t\t\t\t\t\t\t<\/div>\n\t\t\t\t\t<\/div>\n\t\t\t\t<\/div>\n\t\t\t<\/div><!-- \/ .post-item -->\n\t\t\t\t\n\t\t<div class=\"clearfix\"><\/div>\n\t\n\t\t<div class=\"post-content clearfix\">\t\t\t\n\n\t\t\t<p>Quer uma guirlanda de Natal diferente para enfeitar a porta e deixar sua casa em clima de Natal? Essa ideia \u00e9 para quem gosta de pe\u00e7as criativas com baixo custo! Veja que legal e interessante essa guirlanda elaborada com copos descart\u00e1veis. <a href=\"https:\/\/www.pyata.com.br\/site\/enfeite_natal_copos\/#more-2301\" class=\"more-link\">Continue lendo &rarr;<\/a><\/p>\n<div class=\"clearfix\"><\/div>\t\t\t\n\t\t\t\t\t\t\n\t\t<\/div><!-- \/ .post-content -->\n\n\t\t<div class=\"meta-grid clearfix\">\n\n\t<div class=\"meta-inner-grid\">\n\t\t<span class=\"meta-item meta-grid-date\"><i class=\"fa fa-clock-o\"><\/i> 15 de dezembro de 2015<\/span>\n\t\t<span class=\"meta-item meta-grid-comments\"><i class=\"fa fa-comment-o\"><\/i> <a href=\"https:\/\/www.pyata.com.br\/site\/enfeite_natal_copos\/#respond\" class=\"comments-link\" >0 Coment&aacute;rios<\/a><\/span>\n\t<\/div>\n\n<\/div><!-- \/ .meta -->\n\t<\/div><!-- \/ .post-inner -->\n<\/article><!-- \/ .post -->\t\t\t<!-- END .post -->\n\n\t\t\t\t\n\n\t\t<\/div><!-- END blog -->\n\n\t\t\t\t\t\t<div class=\"blog-grid-pagination\"><\/div>\n\t\t\t[\/vc_column][\/vc_row]<\/p>\n","protected":false},"excerpt":{"rendered":"<p>[vc_row][vc_column][\/vc_column][\/vc_row]<\/p>\n","protected":false},"author":1,"featured_media":0,"parent":0,"menu_order":0,"comment_status":"open","ping_status":"open","template":"","meta":{"_joinchat":[]},"_links":{"self":[{"href":"https:\/\/www.pyata.com.br\/site\/wp-json\/wp\/v2\/pages\/881"}],"collection":[{"href":"https:\/\/www.pyata.com.br\/site\/wp-json\/wp\/v2\/pages"}],"about":[{"href":"https:\/\/www.pyata.com.br\/site\/wp-json\/wp\/v2\/types\/page"}],"author":[{"embeddable":true,"href":"https:\/\/www.pyata.com.br\/site\/wp-json\/wp\/v2\/users\/1"}],"replies":[{"embeddable":true,"href":"https:\/\/www.pyata.com.br\/site\/wp-json\/wp\/v2\/comments?post=881"}],"version-history":[{"count":3,"href":"https:\/\/www.pyata.com.br\/site\/wp-json\/wp\/v2\/pages\/881\/revisions"}],"predecessor-version":[{"id":2264,"href":"https:\/\/www.pyata.com.br\/site\/wp-json\/wp\/v2\/pages\/881\/revisions\/2264"}],"wp:attachment":[{"href":"https:\/\/www.pyata.com.br\/site\/wp-json\/wp\/v2\/media?parent=881"}],"curies":[{"name":"wp","href":"https:\/\/api.w.org\/{rel}","templated":true}]}}